{"id":2317,"date":"2022-05-31T16:08:09","date_gmt":"2022-05-31T15:08:09","guid":{"rendered":"https:\/\/www.mamienormandie.com\/?page_id=2317"},"modified":"2022-06-29T13:49:32","modified_gmt":"2022-06-29T12:49:32","slug":"mentions-sanitaires","status":"publish","type":"page","link":"https:\/\/www.mamienormandie.com\/en\/mentions-sanitaires\/","title":{"rendered":"Health notices"},"content":{"rendered":"[et_pb_section fb_built=\u00a0\u00bb1&Prime; _builder_version=\u00a0\u00bb4.17.4&Prime; _module_preset=\u00a0\u00bbdefault\u00a0\u00bb background_color=\u00a0\u00bb#F5F4F3&Prime; custom_padding=\u00a0\u00bb18px||16px|||\u00a0\u00bb global_colors_info=\u00a0\u00bb{}\u00a0\u00bb][et_pb_row _builder_version=\u00a0\u00bb4.17.4&Prime; _module_preset=\u00a0\u00bbdefault\u00a0\u00bb global_colors_info=\u00a0\u00bb{}\u00a0\u00bb][et_pb_column type=\u00a0\u00bb4_4&Prime; _builder_version=\u00a0\u00bb4.17.4&Prime; _module_preset=\u00a0\u00bbdefault\u00a0\u00bb global_colors_info=\u00a0\u00bb{}\u00a0\u00bb][et_pb_text _builder_version=\u00a0\u00bb4.17.4&Prime; _module_preset=\u00a0\u00bbdefault\u00a0\u00bb text_font=\u00a0\u00bbPlayfair Display|700|||||||\u00a0\u00bb text_text_color=\u00a0\u00bb#BB9457&Prime; header_text_color=\u00a0\u00bb#BB9457&Prime; global_colors_info=\u00a0\u00bb{}\u00a0\u00bb]<h1 style=\"text-align: center;\">Health notices<\/h1>[\/et_pb_text][\/et_pb_column][\/et_pb_row][\/et_pb_section][et_pb_section fb_built=\u00a0\u00bb1&Prime; prev_background_color=\u00a0\u00bb#F5F4F3&Prime; _builder_version=\u00a0\u00bb4.17.4&Prime; _module_preset=\u00a0\u00bbdefault\u00a0\u00bb background_image=\u00a0\u00bbhttps:\/\/www.mamienormandie.com\/wp-content\/uploads\/2022\/05\/background_site-1.png\u00a0\u00bb background_position=\u00a0\u00bbtop_center\u00a0\u00bb background_vertical_offset=\u00a0\u00bb84%\u00a0\u00bb custom_padding=\u00a0\u00bb||27px|||\u00a0\u00bb top_divider_style=\u00a0\u00bbwaves2&Prime; top_divider_height=\u00a0\u00bb31px\u00a0\u00bb global_colors_info=\u00a0\u00bb{}\u00a0\u00bb][et_pb_row _builder_version=\u00a0\u00bb4.17.4&Prime; _module_preset=\u00a0\u00bbdefault\u00a0\u00bb custom_padding=\u00a0\u00bb|||18px|false|false\u00a0\u00bb hover_enabled=\u00a0\u00bb0&Prime; global_colors_info=\u00a0\u00bb{}\u00a0\u00bb custom_margin_last_edited=\u00a0\u00bbon|desktop\u00a0\u00bb sticky_enabled=\u00a0\u00bb0&Prime;][et_pb_column type=\u00a0\u00bb4_4&Prime; _builder_version=\u00a0\u00bb4.17.4&Prime; _module_preset=\u00a0\u00bbdefault\u00a0\u00bb global_colors_info=\u00a0\u00bb{}\u00a0\u00bb][et_pb_text _builder_version=\u00a0\u00bb4.17.4&Prime; _module_preset=\u00a0\u00bbdefault\u00a0\u00bb text_font=\u00a0\u00bbQuicksand||||||||\u00a0\u00bb link_option_url=\u00a0\u00bbwww.mangerbouger.fr\u00a0\u00bb link_option_url_new_window=\u00a0\u00bbon\u00a0\u00bb global_colors_info=\u00a0\u00bb{}\u00a0\u00bb]<h5><span>Pour votre sant\u00e9 :<\/span><\/h5>\n<ul>\n<li>\n<h5><span>Mangez au moins cinq fruits et l\u00e9gumes par jour<\/span><\/h5>\n<\/li>\n<li>\n<h5><span>Pratiquez une activit\u00e9 physique r\u00e9guli\u00e8re<\/span><\/h5>\n<\/li>\n<li>\n<h5><span>\u00c9vitez de manger trop gras, trop sucr\u00e9, trop sal\u00e9<\/span><\/h5>\n<\/li>\n<li>\n<h5><span>\u00c9vitez de grignoter entre les repas<\/span><\/h5>\n<\/li>\n<\/ul>\n<h5><\/h5>\n<h5>Plus d&rsquo;informations sur :<\/h5>[\/et_pb_text][et_pb_button button_url=\u00a0\u00bbhttps:\/\/www.mangerbouger.fr\/\u00a0\u00bb url_new_window=\u00a0\u00bbon\u00a0\u00bb button_text=\u00a0\u00bbwww.mangerbouger.fr\u00a0\u00bb button_alignment=\u00a0\u00bbleft\u00a0\u00bb _builder_version=\u00a0\u00bb4.17.4&Prime; _module_preset=\u00a0\u00bbdefault\u00a0\u00bb custom_button=\u00a0\u00bbon\u00a0\u00bb button_text_size=\u00a0\u00bb18px\u00a0\u00bb button_text_color=\u00a0\u00bb#FFFFFF\u00a0\u00bb button_bg_color=\u00a0\u00bb#BB9457&Prime; button_border_color=\u00a0\u00bbRGBA(255,255,255,0)\u00a0\u00bb button_border_radius=\u00a0\u00bb40px\u00a0\u00bb global_colors_info=\u00a0\u00bb{}\u00a0\u00bb][\/et_pb_button][\/et_pb_column][\/et_pb_row][\/et_pb_section]","protected":false},"excerpt":{"rendered":"<p>Mentions sanitairesPour votre sant\u00e9 : Mangez au moins cinq fruits et l\u00e9gumes par jour Pratiquez une activit\u00e9 physique r\u00e9guli\u00e8re \u00c9vitez de manger trop gras, trop sucr\u00e9, trop sal\u00e9 \u00c9vitez de grignoter entre les repas Plus d&rsquo;informations sur :<\/p>","protected":false},"author":5,"featured_media":0,"parent":0,"menu_order":0,"comment_status":"closed","ping_status":"closed","template":"","meta":{"_et_pb_use_builder":"on","_et_pb_old_content":"","_et_gb_content_width":"","_monsterinsights_skip_tracking":false,"_monsterinsights_sitenote_active":false,"_monsterinsights_sitenote_note":"","_monsterinsights_sitenote_category":0,"footnotes":""},"class_list":["post-2317","page","type-page","status-publish","hentry"],"aioseo_notices":[],"_links":{"self":[{"href":"https:\/\/www.mamienormandie.com\/en\/wp-json\/wp\/v2\/pages\/2317","targetHints":{"allow":["GET"]}}],"collection":[{"href":"https:\/\/www.mamienormandie.com\/en\/wp-json\/wp\/v2\/pages"}],"about":[{"href":"https:\/\/www.mamienormandie.com\/en\/wp-json\/wp\/v2\/types\/page"}],"author":[{"embeddable":true,"href":"https:\/\/www.mamienormandie.com\/en\/wp-json\/wp\/v2\/users\/5"}],"replies":[{"embeddable":true,"href":"https:\/\/www.mamienormandie.com\/en\/wp-json\/wp\/v2\/comments?post=2317"}],"version-history":[{"count":9,"href":"https:\/\/www.mamienormandie.com\/en\/wp-json\/wp\/v2\/pages\/2317\/revisions"}],"predecessor-version":[{"id":2791,"href":"https:\/\/www.mamienormandie.com\/en\/wp-json\/wp\/v2\/pages\/2317\/revisions\/2791"}],"wp:attachment":[{"href":"https:\/\/www.mamienormandie.com\/en\/wp-json\/wp\/v2\/media?parent=2317"}],"curies":[{"name":"wp","href":"https:\/\/api.w.org\/{rel}","templated":true}]}}