{"id":2145,"date":"2022-05-30T15:01:19","date_gmt":"2022-05-30T14:01:19","guid":{"rendered":"https:\/\/www.mamienormandie.com\/?page_id=2145"},"modified":"2023-12-11T10:29:23","modified_gmt":"2023-12-11T09:29:23","slug":"nos-certifications","status":"publish","type":"page","link":"https:\/\/www.mamienormandie.com\/en\/nos-certifications\/","title":{"rendered":"Our certifications"},"content":{"rendered":"<p>[et_pb_section fb_built=\u00a0\u00bb1&Prime; next_background_color=\u00a0\u00bb#F5F4F3&Prime; _builder_version=\u00a0\u00bb4.17.4&Prime; _module_preset=\u00a0\u00bbdefault\u00a0\u00bb background_image=\u00a0\u00bbhttps:\/\/www.mamienormandie.com\/wp-content\/uploads\/2022\/06\/MamieNormandie_Vaches.jpg\u00a0\u00bb parallax=\u00a0\u00bbon\u00a0\u00bb width_tablet=\u00a0\u00bb\u00a0\u00bb width_phone=\u00a0\u00bb\u00a0\u00bb width_last_edited=\u00a0\u00bbon|phone\u00a0\u00bb min_height=\u00a0\u00bb500px\u00a0\u00bb min_height_tablet=\u00a0\u00bb500px\u00a0\u00bb min_height_phone=\u00a0\u00bb240px\u00a0\u00bb min_height_last_edited=\u00a0\u00bbon|phone\u00a0\u00bb custom_padding=\u00a0\u00bb||||false|false\u00a0\u00bb bottom_divider_style=\u00a0\u00bbwave2&Prime; bottom_divider_height=\u00a0\u00bb75px\u00a0\u00bb bottom_divider_repeat=\u00a0\u00bb1x\u00a0\u00bb bottom_divider_flip=\u00a0\u00bbhorizontal\u00a0\u00bb background_last_edited=\u00a0\u00bbon|phone\u00a0\u00bb parallax_phone=\u00a0\u00bboff\u00a0\u00bb global_colors_info=\u00a0\u00bb{}\u00a0\u00bb][\/et_pb_section][et_pb_section fb_built=\u00a0\u00bb1&Prime; _builder_version=\u00a0\u00bb4.17.4&Prime; _module_preset=\u00a0\u00bbdefault\u00a0\u00bb background_color=\u00a0\u00bb#F5F4F3&Prime; min_height=\u00a0\u00bb230px\u00a0\u00bb min_height_tablet=\u00a0\u00bb230px\u00a0\u00bb min_height_phone=\u00a0\u00bb230px\u00a0\u00bb min_height_last_edited=\u00a0\u00bbon|phone\u00a0\u00bb custom_margin=\u00a0\u00bb||||true|false\u00a0\u00bb custom_padding=\u00a0\u00bb22px||22px||true|false\u00a0\u00bb top_divider_flip=\u00a0\u00bbvertical|horizontal\u00a0\u00bb locked=\u00a0\u00bboff\u00a0\u00bb global_colors_info=\u00a0\u00bb{}\u00a0\u00bb][et_pb_row _builder_version=\u00a0\u00bb4.17.4&Prime; _module_preset=\u00a0\u00bbdefault\u00a0\u00bb custom_margin=\u00a0\u00bb38px|auto|-26px|auto|false|false\u00a0\u00bb custom_margin_tablet=\u00a0\u00bb38px|auto|-26px|auto|false|false\u00a0\u00bb custom_margin_phone=\u00a0\u00bb0px|auto|0px|auto|false|false\u00a0\u00bb custom_margin_last_edited=\u00a0\u00bbon|phone\u00a0\u00bb custom_padding=\u00a0\u00bb0px||0px||false|false\u00a0\u00bb global_colors_info=\u00a0\u00bb{}\u00a0\u00bb][et_pb_column type=\u00a0\u00bb4_4&Prime; _builder_version=\u00a0\u00bb4.17.4&Prime; _module_preset=\u00a0\u00bbdefault\u00a0\u00bb global_colors_info=\u00a0\u00bb{}\u00a0\u00bb][et_pb_text _builder_version=\u00a0\u00bb4.17.4&Prime; _module_preset=\u00a0\u00bbdefault\u00a0\u00bb text_font=\u00a0\u00bbQuicksand||||||||\u00a0\u00bb header_font=\u00a0\u00bbPlayfair Display|600|||||||\u00a0\u00bb header_text_color=\u00a0\u00bb#BB9457&Prime; header_font_size=\u00a0\u00bb40px\u00a0\u00bb header_font_size_tablet=\u00a0\u00bb40px\u00a0\u00bb header_font_size_phone=\u00a0\u00bb27px\u00a0\u00bb header_font_size_last_edited=\u00a0\u00bbon|phone\u00a0\u00bb global_colors_info=\u00a0\u00bb{}\u00a0\u00bb]<\/p>\n<h1 style=\"text-align: center;\">Our certifications<\/h1>\n<p style=\"text-align: center;\"><span>At Mamie Normandie we love a job well done, and we have always placed quality at the heart of our recipes.<\/span><\/p>\n<p>[\/et_pb_text][\/et_pb_column][\/et_pb_row][\/et_pb_section][et_pb_section fb_built=\u00a0\u00bb1&Prime; custom_padding_last_edited=\u00a0\u00bbon|phone\u00a0\u00bb _builder_version=\u00a0\u00bb4.17.4&Prime; _module_preset=\u00a0\u00bbdefault\u00a0\u00bb background_color=\u00a0\u00bbRGBA(255,255,255,0)\u00a0\u00bb background_image=\u00a0\u00bbhttps:\/\/www.mamienormandie.com\/wp-content\/uploads\/2022\/05\/background_site-1.png\u00a0\u00bb background_position=\u00a0\u00bbtop_center\u00a0\u00bb custom_padding=\u00a0\u00bb||4px|||\u00a0\u00bb custom_padding_tablet=\u00a0\u00bb||4px|||\u00a0\u00bb custom_padding_phone=\u00a0\u00bb0px||0px||false|false\u00a0\u00bb global_colors_info=\u00a0\u00bb{}\u00a0\u00bb][et_pb_row column_structure=\u00a0\u00bb1_2,1_2&Prime; _builder_version=\u00a0\u00bb4.17.4&Prime; _module_preset=\u00a0\u00bbdefault\u00a0\u00bb custom_padding=\u00a0\u00bb16px|||||\u00a0\u00bb global_colors_info=\u00a0\u00bb{}\u00a0\u00bb][et_pb_column type=\u00a0\u00bb1_2&Prime; _builder_version=\u00a0\u00bb4.17.4&Prime; _module_preset=\u00a0\u00bbdefault\u00a0\u00bb global_colors_info=\u00a0\u00bb{}\u00a0\u00bb][et_pb_image src=\u00a0\u00bbhttps:\/\/www.mamienormandie.com\/wp-content\/uploads\/2022\/06\/MamieNormandie_Image_6.jpg\u00a0\u00bb alt=\u00a0\u00bbMamie Normandie Clean Label\u00a0\u00bb title_text=\u00a0\u00bbMamieNormandie_Image_6&Prime; _builder_version=\u00a0\u00bb4.17.4&Prime; _module_preset=\u00a0\u00bbdefault\u00a0\u00bb custom_padding=\u00a0\u00bb26px|||||\u00a0\u00bb global_colors_info=\u00a0\u00bb{}\u00a0\u00bb][\/et_pb_image][\/et_pb_column][et_pb_column type=\u00a0\u00bb1_2&Prime; _builder_version=\u00a0\u00bb4.17.4&Prime; _module_preset=\u00a0\u00bbdefault\u00a0\u00bb global_colors_info=\u00a0\u00bb{}\u00a0\u00bb][et_pb_text _builder_version=\u00a0\u00bb4.17.4&Prime; _module_preset=\u00a0\u00bbdefault\u00a0\u00bb text_font=\u00a0\u00bbQuicksand||||||||\u00a0\u00bb header_font=\u00a0\u00bbQuicksand|600|||||||\u00a0\u00bb header_text_color=\u00a0\u00bb#242424&Prime; header_2_font=\u00a0\u00bbQuicksand|700|||||||\u00a0\u00bb custom_padding=\u00a0\u00bb33px|||||\u00a0\u00bb custom_padding_tablet=\u00a0\u00bb33px|||||\u00a0\u00bb custom_padding_phone=\u00a0\u00bb0px||0px||false|false\u00a0\u00bb custom_padding_last_edited=\u00a0\u00bbon|phone\u00a0\u00bb global_colors_info=\u00a0\u00bb{}\u00a0\u00bb]<\/p>\n<div class=\"page\" title=\"Page 3\">\n<div class=\"section\">\n<div class=\"layoutArea\">\n<div class=\"column\">\n<div class=\"page\" title=\"Page 3\">\n<div class=\"section\">\n<div class=\"layoutArea\">\n<div class=\"column\">\n<h2><span>A Clean Label approach<\/span><\/h2>\n<p><span><\/span><\/p>\n<p><span><\/span><\/p>\n<\/div>\n<\/div>\n<\/div>\n<\/div>\n<div class=\"page\" title=\"Page 3\">\n<div class=\"section\">\n<div class=\"layoutArea\">\n<div class=\"column\">\n<div class=\"page\" title=\"Page 3\">\n<div class=\"section\">\n<div class=\"layoutArea\">\n<div class=\"column\">\n<p><span>Consumers are increasingly interested in eating natural and healthy products. The Clean Label meets these expectations.<\/span><\/p>\n<p><span><\/span><\/p>\n<div class=\"page\" title=\"Page 3\">\n<div class=\"section\">\n<div class=\"layoutArea\">\n<div class=\"column\">\n<p><span>It is based on a few key principles:<br \/><\/span><\/p>\n<div class=\"page\" title=\"Page 3\">\n<div class=\"section\">\n<div class=\"layoutArea\">\n<div class=\"column\">\n<ul>\n<li><span>Reduce allergens and additives.<\/span><\/li>\n<li><span>Reduce the number of ingredients used.<\/span><\/li>\n<li><span>Replace artificial ingredients with natural products.<\/span><\/li>\n<li><span>Use clear language on the label to reassure the consumer.<\/span><\/li>\n<\/ul>\n<\/div>\n<\/div>\n<\/div>\n<\/div>\n<\/div>\n<\/div>\n<\/div>\n<\/div>\n<\/div>\n<\/div>\n<\/div>\n<\/div>\n<\/div>\n<\/div>\n<\/div>\n<\/div>\n<\/div>\n<\/div>\n<\/div>\n<\/div>\n<p>[\/et_pb_text][\/et_pb_column][\/et_pb_row][\/et_pb_section][et_pb_section fb_built=\u00a0\u00bb1&Prime; _builder_version=\u00a0\u00bb4.17.4&Prime; _module_preset=\u00a0\u00bbdefault\u00a0\u00bb background_color=\u00a0\u00bb#FAF5E7&Prime; custom_padding=\u00a0\u00bb20px||39px|||\u00a0\u00bb top_divider_style=\u00a0\u00bbwave2&Prime; top_divider_color=\u00a0\u00bb#FFFFFF\u00a0\u00bb top_divider_height=\u00a0\u00bb45px\u00a0\u00bb top_divider_flip=\u00a0\u00bbhorizontal\u00a0\u00bb bottom_divider_style=\u00a0\u00bbwave2&Prime; bottom_divider_color=\u00a0\u00bb#FFFFFF\u00a0\u00bb bottom_divider_height=\u00a0\u00bb29px\u00a0\u00bb bottom_divider_repeat=\u00a0\u00bb1x\u00a0\u00bb bottom_divider_flip=\u00a0\u00bbvertical|horizontal\u00a0\u00bb global_colors_info=\u00a0\u00bb{}\u00a0\u00bb][et_pb_row column_structure=\u00a0\u00bb1_2,1_2&Prime; custom_padding_last_edited=\u00a0\u00bbon|phone\u00a0\u00bb _builder_version=\u00a0\u00bb4.17.4&Prime; _module_preset=\u00a0\u00bbdefault\u00a0\u00bb custom_padding=\u00a0\u00bb16px|||||\u00a0\u00bb custom_padding_tablet=\u00a0\u00bb16px|||||\u00a0\u00bb custom_padding_phone=\u00a0\u00bb0px||0px||false|false\u00a0\u00bb global_colors_info=\u00a0\u00bb{}\u00a0\u00bb][et_pb_column type=\u00a0\u00bb1_2&Prime; _builder_version=\u00a0\u00bb4.17.4&Prime; _module_preset=\u00a0\u00bbdefault\u00a0\u00bb global_colors_info=\u00a0\u00bb{}\u00a0\u00bb][et_pb_text _builder_version=\u00a0\u00bb4.17.4&Prime; _module_preset=\u00a0\u00bbdefault\u00a0\u00bb text_font=\u00a0\u00bbQuicksand||||||||\u00a0\u00bb header_font=\u00a0\u00bbQuicksand|600|||||||\u00a0\u00bb header_text_color=\u00a0\u00bb#242424&Prime; header_2_font=\u00a0\u00bbQuicksand|700|||||||\u00a0\u00bb custom_padding=\u00a0\u00bb33px|||||\u00a0\u00bb global_colors_info=\u00a0\u00bb{}\u00a0\u00bb]<\/p>\n<div class=\"page\" title=\"Page 3\">\n<div class=\"section\">\n<div class=\"layoutArea\">\n<div class=\"column\">\n<h2><span>Organic farming certification<\/span><\/h2>\n<p><span><\/span><\/p>\n<p><span><\/span><\/p>\n<div class=\"page\" title=\"Page 3\">\n<div class=\"section\">\n<div class=\"layoutArea\">\n<div class=\"column\">\n<p><span>Having in heart to satisfy all our consumers and to engage for a respectful agriculture of the environment, we obtained the certification Organic Agriculture (AB) and created a range of greedy and soft products.<\/span><\/p>\n<p><span>The organic method of production and transformation is part of the official signs of identification of quality and origin in France.<\/span><\/p>\n<p><span>Regulated by a European regulation since 1991, its objectives are to respect the environment, biodiversity and animal welfare. Only the products that come from it can carry the European organic logo and the AB mark.<\/span><\/p>\n<\/div>\n<\/div>\n<\/div>\n<\/div>\n<\/div>\n<\/div>\n<\/div>\n<\/div>\n<p>[\/et_pb_text][\/et_pb_column][et_pb_column type=\u00a0\u00bb1_2&Prime; _builder_version=\u00a0\u00bb4.17.4&Prime; _module_preset=\u00a0\u00bbdefault\u00a0\u00bb global_colors_info=\u00a0\u00bb{}\u00a0\u00bb][et_pb_image src=\u00a0\u00bbhttps:\/\/www.mamienormandie.com\/wp-content\/uploads\/2022\/06\/MamieNormandie_Image_5.jpg\u00a0\u00bb alt=\u00a0\u00bbMamie Normandie Bio\u00a0\u00bb title_text=\u00a0\u00bbMamieNormandie_Image_5&Prime; _builder_version=\u00a0\u00bb4.17.4&Prime; _module_preset=\u00a0\u00bbdefault\u00a0\u00bb custom_padding=\u00a0\u00bb26px|||||\u00a0\u00bb global_colors_info=\u00a0\u00bb{}\u00a0\u00bb][\/et_pb_image][\/et_pb_column][\/et_pb_row][\/et_pb_section][et_pb_section fb_built=\u00a0\u00bb1&Prime; next_background_color=\u00a0\u00bb#FAF5E7&Prime; _builder_version=\u00a0\u00bb4.17.4&Prime; _module_preset=\u00a0\u00bbdefault\u00a0\u00bb background_color=\u00a0\u00bbRGBA(255,255,255,0)\u00a0\u00bb background_image=\u00a0\u00bbhttps:\/\/www.mamienormandie.com\/wp-content\/uploads\/2022\/05\/background_site-1.png\u00a0\u00bb background_position=\u00a0\u00bbtop_right\u00a0\u00bb background_vertical_offset=\u00a0\u00bb94%\u00a0\u00bb bottom_divider_style=\u00a0\u00bbwave2&Prime; bottom_divider_height=\u00a0\u00bb50px\u00a0\u00bb global_colors_info=\u00a0\u00bb{}\u00a0\u00bb][et_pb_row column_structure=\u00a0\u00bb1_2,1_2&Prime; custom_padding_last_edited=\u00a0\u00bbon|phone\u00a0\u00bb _builder_version=\u00a0\u00bb4.17.4&Prime; _module_preset=\u00a0\u00bbdefault\u00a0\u00bb custom_padding_tablet=\u00a0\u00bb\u00a0\u00bb custom_padding_phone=\u00a0\u00bb0px||0px||false|false\u00a0\u00bb global_colors_info=\u00a0\u00bb{}\u00a0\u00bb][et_pb_column type=\u00a0\u00bb1_2&Prime; _builder_version=\u00a0\u00bb4.17.4&Prime; _module_preset=\u00a0\u00bbdefault\u00a0\u00bb global_colors_info=\u00a0\u00bb{}\u00a0\u00bb][et_pb_image src=\u00a0\u00bbhttps:\/\/www.mamienormandie.com\/wp-content\/uploads\/2022\/06\/MamieNormandie_Image_7.jpg\u00a0\u00bb alt=\u00a0\u00bbMamie Normandie IFS\u00a0\u00bb title_text=\u00a0\u00bbMamieNormandie_Image_7&Prime; _builder_version=\u00a0\u00bb4.17.4&Prime; _module_preset=\u00a0\u00bbdefault\u00a0\u00bb global_colors_info=\u00a0\u00bb{}\u00a0\u00bb][\/et_pb_image][\/et_pb_column][et_pb_column type=\u00a0\u00bb1_2&Prime; _builder_version=\u00a0\u00bb4.17.4&Prime; _module_preset=\u00a0\u00bbdefault\u00a0\u00bb global_colors_info=\u00a0\u00bb{}\u00a0\u00bb][et_pb_text _builder_version=\u00a0\u00bb4.20.2&Prime; _module_preset=\u00a0\u00bbdefault\u00a0\u00bb text_font=\u00a0\u00bbQuicksand||||||||\u00a0\u00bb header_font=\u00a0\u00bbQuicksand|600|||||||\u00a0\u00bb header_text_color=\u00a0\u00bb#242424&Prime; header_2_font=\u00a0\u00bbQuicksand|700|||||||\u00a0\u00bb hover_enabled=\u00a0\u00bb0&Prime; global_colors_info=\u00a0\u00bb{}\u00a0\u00bb sticky_enabled=\u00a0\u00bb0&Prime;]<\/p>\n<div class=\"page\" title=\"Page 3\">\n<div class=\"section\">\n<div class=\"layoutArea\">\n<div class=\"column\">\n<div class=\"page\" title=\"Page 3\">\n<div class=\"section\">\n<div class=\"layoutArea\">\n<div class=\"column\">\n<h2><span>Promote our quality policy: <\/span><span>IFS objective<\/span><\/h2>\n<p><span><\/span><\/p>\n<p><span><\/span><\/p>\n<\/div>\n<\/div>\n<\/div>\n<\/div>\n<div class=\"page\" title=\"Page 3\">\n<div class=\"section\">\n<div class=\"layoutArea\">\n<div class=\"column\">\n<div class=\"page\" title=\"Page 3\">\n<div class=\"section\">\n<div class=\"layoutArea\">\n<div class=\"column\">\n<p><span>Dans la volont\u00e9 de proposer le meilleur pour ses clients, Mamie Normandie souhaite garantir des produits s\u00fbrs et sains. C\u2019est pourquoi nous sommes certifi\u00e9s IFS.<\/span><\/p>\n<p><span>The IFS certification allows us to meet the requirements of European distributors in terms of quality and safety of food products.<\/span><\/p>\n<p><span>La certification IFS garantis :<\/span><\/p>\n<div class=\"page\" title=\"Page 3\">\n<div class=\"section\">\n<div class=\"layoutArea\">\n<div class=\"column\">\n<div class=\"page\" title=\"Page 3\">\n<div class=\"section\">\n<div class=\"layoutArea\">\n<div class=\"column\">\n<ul>\n<li><span>Traceability<\/span><\/li>\n<li><span>Implementation of harmonized and adapted processes to guarantee food safety<\/span><\/li>\n<li><span>Food Fraud<\/span><\/li>\n<li><span>Food Safety Culture<\/span><\/li>\n<li><span>Food Defense<\/span><\/li>\n<\/ul>\n<\/div>\n<\/div>\n<\/div>\n<\/div>\n<\/div>\n<\/div>\n<\/div>\n<\/div>\n<\/div>\n<\/div>\n<\/div>\n<\/div>\n<\/div>\n<\/div>\n<\/div>\n<\/div>\n<\/div>\n<\/div>\n<\/div>\n<\/div>\n<p>[\/et_pb_text][\/et_pb_column][\/et_pb_row][\/et_pb_section][et_pb_section fb_built=\u00a0\u00bb1&Prime; _builder_version=\u00a0\u00bb4.17.4&Prime; _module_preset=\u00a0\u00bbdefault\u00a0\u00bb background_color=\u00a0\u00bb#FAF5E7&Prime; top_divider_style=\u00a0\u00bbnone\u00a0\u00bb top_divider_color=\u00a0\u00bb#FFFFFF\u00a0\u00bb bottom_divider_style=\u00a0\u00bbwave2&Prime; bottom_divider_color=\u00a0\u00bb#FFFFFF\u00a0\u00bb bottom_divider_height=\u00a0\u00bb29px\u00a0\u00bb bottom_divider_repeat=\u00a0\u00bb1x\u00a0\u00bb bottom_divider_flip=\u00a0\u00bbvertical|horizontal\u00a0\u00bb global_colors_info=\u00a0\u00bb{}\u00a0\u00bb][et_pb_row column_structure=\u00a0\u00bb1_2,1_2&Prime; custom_padding_last_edited=\u00a0\u00bbon|phone\u00a0\u00bb _builder_version=\u00a0\u00bb4.17.4&Prime; _module_preset=\u00a0\u00bbdefault\u00a0\u00bb custom_padding_tablet=\u00a0\u00bb\u00a0\u00bb custom_padding_phone=\u00a0\u00bb0px||0px||true|false\u00a0\u00bb global_colors_info=\u00a0\u00bb{}\u00a0\u00bb][et_pb_column type=\u00a0\u00bb1_2&Prime; _builder_version=\u00a0\u00bb4.17.4&Prime; _module_preset=\u00a0\u00bbdefault\u00a0\u00bb global_colors_info=\u00a0\u00bb{}\u00a0\u00bb][et_pb_text _builder_version=\u00a0\u00bb4.17.4&Prime; _module_preset=\u00a0\u00bbdefault\u00a0\u00bb text_font=\u00a0\u00bbQuicksand||||||||\u00a0\u00bb header_font=\u00a0\u00bbQuicksand|600|||||||\u00a0\u00bb header_text_color=\u00a0\u00bb#242424&Prime; header_2_font=\u00a0\u00bbQuicksand|700|||||||\u00a0\u00bb global_colors_info=\u00a0\u00bb{}\u00a0\u00bb]<\/p>\n<div class=\"page\" title=\"Page 3\">\n<div class=\"section\">\n<div class=\"layoutArea\">\n<div class=\"column\">\n<div class=\"page\" title=\"Page 3\">\n<div class=\"section\">\n<div class=\"layoutArea\">\n<div class=\"column\">\n<h2><span>Our CSR approach<\/span><span><\/span><\/h2>\n<p><span><\/span><\/p>\n<p><span><\/span><\/p>\n<\/div>\n<\/div>\n<\/div>\n<\/div>\n<div class=\"page\" title=\"Page 3\">\n<div class=\"section\">\n<div class=\"layoutArea\">\n<div class=\"column\">\n<div class=\"page\" title=\"Page 3\">\n<div class=\"section\">\n<div class=\"layoutArea\">\n<div class=\"column\">\n<p><span>Mamie Normandie obtained the CSR Level 1 Certification in 2022.<\/span><\/p>\n<p><span><\/span><\/p>\n<div class=\"page\" title=\"Page 3\">\n<div class=\"section\">\n<div class=\"layoutArea\">\n<div class=\"column\">\n<p><span>Corporate Social Responsibility (CSR) is defined by the European Commission as the voluntary integration by companies of social and environmental concerns into their business activities and their relations with stakeholders.<\/span><\/p>\n<p><span><\/span><\/p>\n<div class=\"page\" title=\"Page 3\">\n<div class=\"section\">\n<div class=\"layoutArea\">\n<div class=\"column\">\n<p><span>In other words, CSR is the contribution of companies to sustainable development issues.<\/span><\/p>\n<p><span><\/span><\/p>\n<div class=\"page\" title=\"Page 3\">\n<div class=\"section\">\n<div class=\"layoutArea\">\n<div class=\"column\">\n<p><span>CSR is based on 7 central themes:<\/span><\/p>\n<div class=\"page\" title=\"Page 3\">\n<div class=\"section\">\n<div class=\"layoutArea\">\n<div class=\"column\">\n<ul>\n<li><span>Governance of the organization<\/span><\/li>\n<li><span>Human rights<\/span><\/li>\n<li><span>Relationships and working conditions<\/span><\/li>\n<li><span>The environment\u00a0<\/span><\/li>\n<li><span>Fair practices<\/span><\/li>\n<li><span>Consumer issues<\/span><\/li>\n<li><span>Communities and local development<\/span><\/li>\n<\/ul>\n<\/div>\n<\/div>\n<\/div>\n<\/div>\n<\/div>\n<\/div>\n<\/div>\n<\/div>\n<\/div>\n<\/div>\n<\/div>\n<\/div>\n<\/div>\n<\/div>\n<\/div>\n<\/div>\n<\/div>\n<\/div>\n<\/div>\n<\/div>\n<\/div>\n<\/div>\n<\/div>\n<\/div>\n<\/div>\n<\/div>\n<\/div>\n<\/div>\n<p>[\/et_pb_text][\/et_pb_column][et_pb_column type=\u00a0\u00bb1_2&Prime; _builder_version=\u00a0\u00bb4.17.4&Prime; _module_preset=\u00a0\u00bbdefault\u00a0\u00bb global_colors_info=\u00a0\u00bb{}\u00a0\u00bb][et_pb_image src=\u00a0\u00bbhttps:\/\/www.mamienormandie.com\/wp-content\/uploads\/2022\/05\/MAMIE-NORMANDIE-Attestation-RSE-1.png\u00a0\u00bb title_text=\u00a0\u00bbMAMIE NORMANDIE Attestation RSE 1&Prime; _builder_version=\u00a0\u00bb4.17.4&Prime; _module_preset=\u00a0\u00bbdefault\u00a0\u00bb custom_padding=\u00a0\u00bb13px|||||\u00a0\u00bb global_colors_info=\u00a0\u00bb{}\u00a0\u00bb][\/et_pb_image][et_pb_button button_url=\u00a0\u00bbhttps:\/\/www.mamienormandie.com\/wp-content\/uploads\/2022\/06\/Charte-RSE-Mamie-Normandie.pdf\u00a0\u00bb url_new_window=\u00a0\u00bbon\u00a0\u00bb button_text=\u00a0\u00bbVisualiser notre charte RSE\u00a0\u00bb button_alignment=\u00a0\u00bbcenter\u00a0\u00bb _builder_version=\u00a0\u00bb4.17.4&Prime; _module_preset=\u00a0\u00bbdefault\u00a0\u00bb custom_button=\u00a0\u00bbon\u00a0\u00bb button_text_color=\u00a0\u00bb#FFFFFF\u00a0\u00bb button_bg_color=\u00a0\u00bb#3E5E77&Prime; button_border_color=\u00a0\u00bbRGBA(255,255,255,0)\u00a0\u00bb button_border_radius=\u00a0\u00bb32px\u00a0\u00bb button_text_size_tablet=\u00a0\u00bb\u00a0\u00bb button_text_size_phone=\u00a0\u00bb16px\u00a0\u00bb button_text_size_last_edited=\u00a0\u00bbon|phone\u00a0\u00bb global_colors_info=\u00a0\u00bb{}\u00a0\u00bb][\/et_pb_button][\/et_pb_column][\/et_pb_row][\/et_pb_section][et_pb_section fb_built=\u00a0\u00bb1&Prime; _builder_version=\u00a0\u00bb4.17.4&Prime; _module_preset=\u00a0\u00bbdefault\u00a0\u00bb background_color=\u00a0\u00bbRGBA(255,255,255,0)\u00a0\u00bb background_image=\u00a0\u00bbhttps:\/\/www.mamienormandie.com\/wp-content\/uploads\/2022\/05\/background_site-1.png\u00a0\u00bb background_position=\u00a0\u00bbtop_right\u00a0\u00bb background_vertical_offset=\u00a0\u00bb4%\u00a0\u00bb global_colors_info=\u00a0\u00bb{}\u00a0\u00bb][et_pb_row column_structure=\u00a0\u00bb1_2,1_2&Prime; custom_padding_last_edited=\u00a0\u00bbon|phone\u00a0\u00bb _builder_version=\u00a0\u00bb4.17.4&Prime; _module_preset=\u00a0\u00bbdefault\u00a0\u00bb custom_padding=\u00a0\u00bb25px|||||\u00a0\u00bb custom_padding_tablet=\u00a0\u00bb25px|||||\u00a0\u00bb custom_padding_phone=\u00a0\u00bb0px||0px||false|false\u00a0\u00bb global_colors_info=\u00a0\u00bb{}\u00a0\u00bb][et_pb_column type=\u00a0\u00bb1_2&Prime; _builder_version=\u00a0\u00bb4.17.4&Prime; _module_preset=\u00a0\u00bbdefault\u00a0\u00bb global_colors_info=\u00a0\u00bb{}\u00a0\u00bb][et_pb_image src=\u00a0\u00bbhttps:\/\/www.mamienormandie.com\/wp-content\/uploads\/2022\/06\/MamieNormandie_Image_8.jpg\u00a0\u00bb alt=\u00a0\u00bbMamie Normandie Cacher\u00a0\u00bb title_text=\u00a0\u00bbMamieNormandie_Image_8&Prime; _builder_version=\u00a0\u00bb4.17.4&Prime; _module_preset=\u00a0\u00bbdefault\u00a0\u00bb global_colors_info=\u00a0\u00bb{}\u00a0\u00bb][\/et_pb_image][\/et_pb_column][et_pb_column type=\u00a0\u00bb1_2&Prime; _builder_version=\u00a0\u00bb4.17.4&Prime; _module_preset=\u00a0\u00bbdefault\u00a0\u00bb global_colors_info=\u00a0\u00bb{}\u00a0\u00bb][et_pb_text _builder_version=\u00a0\u00bb4.17.4&Prime; _module_preset=\u00a0\u00bbdefault\u00a0\u00bb text_font=\u00a0\u00bbQuicksand||||||||\u00a0\u00bb header_font=\u00a0\u00bbQuicksand|600|||||||\u00a0\u00bb header_text_color=\u00a0\u00bb#242424&Prime; header_2_font=\u00a0\u00bbQuicksand|700|||||||\u00a0\u00bb global_colors_info=\u00a0\u00bb{}\u00a0\u00bb]<\/p>\n<div class=\"page\" title=\"Page 3\">\n<div class=\"section\">\n<div class=\"layoutArea\">\n<div class=\"column\">\n<div class=\"page\" title=\"Page 3\">\n<div class=\"section\">\n<div class=\"layoutArea\">\n<div class=\"column\">\n<div class=\"page\" title=\"Page 3\">\n<div class=\"section\">\n<div class=\"layoutArea\">\n<div class=\"column\">\n<h2><span>Kosher certification<\/span><\/h2>\n<\/div>\n<\/div>\n<\/div>\n<\/div>\n<p><span><\/span><\/p>\n<p><span><\/span><\/p>\n<\/div>\n<\/div>\n<\/div>\n<\/div>\n<div class=\"page\" title=\"Page 3\">\n<div class=\"section\">\n<div class=\"layoutArea\">\n<div class=\"column\">\n<div class=\"page\" title=\"Page 3\">\n<div class=\"section\">\n<div class=\"layoutArea\">\n<div class=\"column\">\n<div class=\"page\" title=\"Page 3\">\n<div class=\"section\">\n<div class=\"layoutArea\">\n<div class=\"column\">\n<p><span>In order to meet the requirements of some of our consumers, we have obtained Kosher certification.<\/span><\/p>\n<p><span><\/span><\/p>\n<div class=\"page\" title=\"Page 3\">\n<div class=\"section\">\n<div class=\"layoutArea\">\n<div class=\"column\">\n<ul>\n<li><span>Traditional recipe<\/span><\/li>\n<li><span>Hand braiding<\/span><\/li>\n<li><span>Validated process<\/span><\/li>\n<li><span>No cross-contamination<\/span><\/li>\n<li><span>No production on Friday and Saturday<\/span><\/li>\n<li><span>No dairy products in the recipe<\/span><\/li>\n<\/ul>\n<\/div>\n<\/div>\n<\/div>\n<\/div>\n<\/div>\n<\/div>\n<\/div>\n<\/div>\n<\/div>\n<\/div>\n<\/div>\n<\/div>\n<\/div>\n<\/div>\n<\/div>\n<\/div>\n<\/div>\n<\/div>\n<\/div>\n<\/div>\n<p>[\/et_pb_text][\/et_pb_column][\/et_pb_row][\/et_pb_section]<\/p>","protected":false},"excerpt":{"rendered":"<p>Nos certifications Chez Mamie Normandie nous aimons le travail bien fait, et nous avons toujours plac\u00e9 la qualit\u00e9 au c\u0153ur de nos recettes. Une d\u00e9marche Clean Label Les consommateurs souhaitent de plus en plus manger des produits naturels et sains. Le Clean Label r\u00e9pond \u00e0 ces attentes. Il repose sur quelques principes cl\u00e9s : R\u00e9duire [&hellip;]<\/p>","protected":false},"author":5,"featured_media":0,"parent":0,"menu_order":0,"comment_status":"closed","ping_status":"closed","template":"","meta":{"_et_pb_use_builder":"on","_et_pb_old_content":"","_et_gb_content_width":"","_monsterinsights_skip_tracking":false,"_monsterinsights_sitenote_active":false,"_monsterinsights_sitenote_note":"","_monsterinsights_sitenote_category":0,"footnotes":""},"class_list":["post-2145","page","type-page","status-publish","hentry"],"aioseo_notices":[],"_links":{"self":[{"href":"https:\/\/www.mamienormandie.com\/en\/wp-json\/wp\/v2\/pages\/2145","targetHints":{"allow":["GET"]}}],"collection":[{"href":"https:\/\/www.mamienormandie.com\/en\/wp-json\/wp\/v2\/pages"}],"about":[{"href":"https:\/\/www.mamienormandie.com\/en\/wp-json\/wp\/v2\/types\/page"}],"author":[{"embeddable":true,"href":"https:\/\/www.mamienormandie.com\/en\/wp-json\/wp\/v2\/users\/5"}],"replies":[{"embeddable":true,"href":"https:\/\/www.mamienormandie.com\/en\/wp-json\/wp\/v2\/comments?post=2145"}],"version-history":[{"count":23,"href":"https:\/\/www.mamienormandie.com\/en\/wp-json\/wp\/v2\/pages\/2145\/revisions"}],"predecessor-version":[{"id":2833,"href":"https:\/\/www.mamienormandie.com\/en\/wp-json\/wp\/v2\/pages\/2145\/revisions\/2833"}],"wp:attachment":[{"href":"https:\/\/www.mamienormandie.com\/en\/wp-json\/wp\/v2\/media?parent=2145"}],"curies":[{"name":"wp","href":"https:\/\/api.w.org\/{rel}","templated":true}]}}